{"id":21,"date":"2017-05-01T09:40:18","date_gmt":"2017-05-01T09:40:18","guid":{"rendered":"http:\/\/www.srcca.ch\/?page_id=21"},"modified":"2017-08-13T13:09:52","modified_gmt":"2017-08-13T13:09:52","slug":"sections","status":"publish","type":"page","link":"https:\/\/www.srcca.ch\/fr\/sections\/","title":{"rendered":"CAT\u00c9GRORIES"},"content":{"rendered":"<div id=\"pl-21\"  class=\"panel-layout\" ><div id=\"pg-21-0\"  class=\"panel-grid panel-no-style\" ><div id=\"pgc-21-0-0\"  class=\"panel-grid-cell\" ><div id=\"panel-21-0-0-0\" class=\"so-panel widget widget_execphp panel-first-child panel-last-child\" data-index=\"0\" >\t\t\t<div class=\"execphpwidget\"><div><table><tr><td width='250' valign = 'top'><img src='http:\/\/www.srcca.ch\/wp-content\/scripts\/images\/sections\/shot_v8tr.gif' width='300'><\/td><td width='250' valign = 'top'><b>1:8 th\u00e9rmique Track (V8 TR)<\/b> <br><a href='?a=reg&se=3'><img src='http:\/\/www.srcca.ch\/wp-content\/scripts\/images\/JPG_DOC.jpg' width='40'><\/a> Reglemente<br> <a href='?a=res&se=3'><img src='http:\/\/www.srcca.ch\/wp-content\/scripts\/images\/JPG_RES.jpg' width='40'><\/a> Resultate<br><a href='http:\/\/www.srcca.ch\/calendar\/?se=3'><img src='http:\/\/www.srcca.ch\/wp-content\/scripts\/images\/JPG_CAL.jpg' width='40'><\/a> Rennkalender<\/td><\/tr><\/table><table><tr><td>Cette classe est \u00e9galement appel\u00e9e classe des rois. En seulement 5 secondes, les v\u00e9hicules atteignent jusqu'\u00e0 100km\/h avec un poids de 2,5 kg. Au total, les moteurs \u00e0 allumage command\u00e9 de 3,5 cm3 tournent \u00e0 40 000 tr\/min. Equip\u00e9 d'une bo\u00eete de vitesses centrifuge \u00e0 2 vitesses, d'un frein \u00e0 disque sur l'essieu arri\u00e8re et d'un entra\u00eenement 4W \u00e0 suspension ind\u00e9pendante, la technologie \u00e0 son meilleur est pr\u00e9sent\u00e9e ici.\r\n\r\nTraduit avec www.DeepL.com\/Translator (version gratuite)<\/td><td><\/td><\/tr><\/table><\/div><div><table><tr><td width='250' valign = 'top'><img src='http:\/\/www.srcca.ch\/wp-content\/scripts\/images\/sections\/shot_v8or.png' width='300'><\/td><td width='250' valign = 'top'><b>1:8 th\u00e9rmique Offroad (V8 OR)<\/b> <br><a href='?a=reg&se=4'><img src='http:\/\/www.srcca.ch\/wp-content\/scripts\/images\/JPG_DOC.jpg' width='40'><\/a> Reglemente<br> <a href='?a=res&se=4'><img src='http:\/\/www.srcca.ch\/wp-content\/scripts\/images\/JPG_RES.jpg' width='40'><\/a> Resultate<br><a href='http:\/\/www.srcca.ch\/calendar\/?se=4'><img src='http:\/\/www.srcca.ch\/wp-content\/scripts\/images\/JPG_CAL.jpg' width='40'><\/a> Rennkalender<\/td><\/tr><\/table><table><tr><td>Les mod\u00e8les de voitures sont \u00e9quip\u00e9s \u00e0 l'\u00e9chelle 1\/8e d'un moteur \u00e0 combustion de 3,5 cm3. Les buggies sont \u00e9quip\u00e9s de quatre roues motrices et de trois diff\u00e9rentiels. La vitesse maximale est de 80-90Km\/h. La conduite se fait sur des pistes hors route sp\u00e9cialement pr\u00e9par\u00e9es avec des sauts int\u00e9gr\u00e9s.<\/td><td><\/td><\/tr><\/table><\/div><div><table><tr><td width='250' valign = 'top'><img src='http:\/\/www.srcca.ch\/wp-content\/scripts\/images\/sections\/shot_v10tr.png' width='300'><\/td><td width='250' valign = 'top'><b>1:10 th\u00e9rmique Touring Car (V10 TC)<\/b> <br><a href='?a=reg&se=5'><img src='http:\/\/www.srcca.ch\/wp-content\/scripts\/images\/JPG_DOC.jpg' width='40'><\/a> Reglemente<br> <a href='?a=res&se=5'><img src='http:\/\/www.srcca.ch\/wp-content\/scripts\/images\/JPG_RES.jpg' width='40'><\/a> Resultate<br><a href='http:\/\/www.srcca.ch\/calendar\/?se=5'><img src='http:\/\/www.srcca.ch\/wp-content\/scripts\/images\/JPG_CAL.jpg' width='40'><\/a> Rennkalender<\/td><\/tr><\/table><table><tr><td>Les petits v\u00e9hicules \u00e0 combustion \u00e0 4 roues motrices avec un moteur de 2,1 ccm et \u00e9quip\u00e9s d'une carrosserie de voiture de tourisme atteignent d\u00e9j\u00e0 70 - 80 Km\/h. Juste ce qu'il faut pour entrer dans la sc\u00e8ne de la combustion.<\/td><td><\/td><\/tr><\/table><\/div><div><table><tr><td width='250' valign = 'top'><img src='http:\/\/www.srcca.ch\/wp-content\/scripts\/images\/sections\/shot_e10tc.png' width='300'><\/td><td width='250' valign = 'top'><b>1:10 \u00e9l\u00e9ctrique Touring Car (E10 TC)<\/b> <br><a href='?a=reg&se=9'><img src='http:\/\/www.srcca.ch\/wp-content\/scripts\/images\/JPG_DOC.jpg' width='40'><\/a> Reglemente<br> <a href='?a=res&se=9'><img src='http:\/\/www.srcca.ch\/wp-content\/scripts\/images\/JPG_RES.jpg' width='40'><\/a> Resultate<br><a href='http:\/\/www.srcca.ch\/calendar\/?se=9'><img src='http:\/\/www.srcca.ch\/wp-content\/scripts\/images\/JPG_CAL.jpg' width='40'><\/a> Rennkalender<\/td><\/tr><\/table><table><tr><td>Dans la cat\u00e9gorie des voitures \u00e9lectriques, les pilotes de piste dite plate roulent sur des pistes de course dont le rev\u00eatement est en asphalte. Les v\u00e9hicules de tourisme ont 4 roues motrices et les carrosseries sont bas\u00e9es sur la classe 2 litres du WTCC de la FIA. La vitesse maximale est de 70-80Km\/h. RC Car Racing est une course automobile en miniature et tout aussi int\u00e9ressante.<\/td><td><\/td><\/tr><\/table><\/div><div><table><tr><td width='250' valign = 'top'><img src='http:\/\/www.srcca.ch\/wp-content\/scripts\/images\/sections\/shot_e10or.png' width='300'><\/td><td width='250' valign = 'top'><b>1:10 \u00e9l\u00e9ctrique Offroad (E10 OR)<\/b> <br><a href='?a=reg&se=10'><img src='http:\/\/www.srcca.ch\/wp-content\/scripts\/images\/JPG_DOC.jpg' width='40'><\/a> Reglemente<br> <a href='?a=res&se=10'><img src='http:\/\/www.srcca.ch\/wp-content\/scripts\/images\/JPG_RES.jpg' width='40'><\/a> Resultate<br><a href='http:\/\/www.srcca.ch\/calendar\/?se=10'><img src='http:\/\/www.srcca.ch\/wp-content\/scripts\/images\/JPG_CAL.jpg' width='40'><\/a> Rennkalender<\/td><\/tr><\/table><table><tr><td>Dans la cat\u00e9gorie des tout-terrains \u00e9lectriques, vous roulez avec ce qu'on appelle des buggies sur une piste naturelle, qui peut \u00eatre de terre ou de prairie. Les sauts et les vagues sur la piste donnent aux courses un caract\u00e8re tout-terrain et font de cette cat\u00e9gorie l'une des plus spectaculaires du mod\u00e9lisme automobile.<\/td><td><\/td><\/tr><\/table><\/div><div><table><tr><td width='250' valign = 'top'><img src='http:\/\/www.srcca.ch\/wp-content\/scripts\/images\/sections\/shot_E8OR.gif' width='300'><\/td><td width='250' valign = 'top'><b>1.8 \u00e9l\u00e9ctrique Offroad (E8 OR)<\/b> <br><a href='?a=reg&se=19'><img src='http:\/\/www.srcca.ch\/wp-content\/scripts\/images\/JPG_DOC.jpg' width='40'><\/a> Reglemente<br> <a href='?a=res&se=19'><img src='http:\/\/www.srcca.ch\/wp-content\/scripts\/images\/JPG_RES.jpg' width='40'><\/a> Resultate<br><a href='http:\/\/www.srcca.ch\/calendar\/?se=19'><img src='http:\/\/www.srcca.ch\/wp-content\/scripts\/images\/JPG_CAL.jpg' width='40'><\/a> Rennkalender<\/td><\/tr><\/table><table><tr><td><\/td><td><\/td><\/tr><\/table><\/div><div><table><tr><td width='250' valign = 'top'><img src='http:\/\/www.srcca.ch\/wp-content\/scripts\/images\/sections\/shot_E8TR.gif' width='300'><\/td><td width='250' valign = 'top'><b>1.8 \u00e9l\u00e9ctrique Track (E8 TR)<\/b> <br><a href='?a=reg&se=20'><img src='http:\/\/www.srcca.ch\/wp-content\/scripts\/images\/JPG_DOC.jpg' width='40'><\/a> Reglemente<br> <a href='?a=res&se=20'><img src='http:\/\/www.srcca.ch\/wp-content\/scripts\/images\/JPG_RES.jpg' width='40'><\/a> Resultate<br><a href='http:\/\/www.srcca.ch\/calendar\/?se=20'><img src='http:\/\/www.srcca.ch\/wp-content\/scripts\/images\/JPG_CAL.jpg' width='40'><\/a> Rennkalender<\/td><\/tr><\/table><table><tr><td><\/td><td><\/td><\/tr><\/table><\/div><div><table><tr><td width='250' valign = 'top'><img src='http:\/\/www.srcca.ch\/wp-content\/scripts\/images\/sections\/shot_vls.png' width='300'><\/td><td width='250' valign = 'top'><b>1:5 th\u00e9rmique  Touring Car (VLS TC \/ F1)<\/b> <br><a href='?a=reg&se=6'><img src='http:\/\/www.srcca.ch\/wp-content\/scripts\/images\/JPG_DOC.jpg' width='40'><\/a> Reglemente<br> <a href='?a=res&se=6'><img src='http:\/\/www.srcca.ch\/wp-content\/scripts\/images\/JPG_RES.jpg' width='40'><\/a> Resultate<br><a href='http:\/\/www.srcca.ch\/calendar\/?se=6'><img src='http:\/\/www.srcca.ch\/wp-content\/scripts\/images\/JPG_CAL.jpg' width='40'><\/a> Rennkalender<\/td><\/tr><\/table><table><tr><td>VLS Large Scale - Les poids lourds de la sc\u00e8ne des courses de voitures RC. Avec leurs moteurs \u00e0 essence de 10 kg et 23 cc, ces voitures transmettent une action de course r\u00e9aliste. Jetez un coup d'\u009cil \u00e0 une course, vous serez ravis.<\/td><td><\/td><\/tr><\/table><\/div><div><table><tr><td width='250' valign = 'top'><img src='http:\/\/www.srcca.ch\/wp-content\/scripts\/images\/sections\/ls_or_car.jpg' width='300'><\/td><td width='250' valign = 'top'><b>1:6 Grossmodelle Offroad (VLS OR)<\/b> <br><a href='?a=reg&se=7'><img src='http:\/\/www.srcca.ch\/wp-content\/scripts\/images\/JPG_DOC.jpg' width='40'><\/a> Reglemente<br> <a href='?a=res&se=7'><img src='http:\/\/www.srcca.ch\/wp-content\/scripts\/images\/JPG_RES.jpg' width='40'><\/a> Resultate<br><a href='http:\/\/www.srcca.ch\/calendar\/?se=7'><img src='http:\/\/www.srcca.ch\/wp-content\/scripts\/images\/JPG_CAL.jpg' width='40'><\/a> Rennkalender<\/td><\/tr><\/table><table><tr><td><\/td><td><\/td><\/tr><\/table><\/div><\/div>\n\t\t<\/div><\/div><div id=\"pgc-21-0-1\"  class=\"panel-grid-cell\" ><div id=\"panel-21-0-1-0\" class=\"so-panel widget widget_execphp panel-first-child panel-last-child\" data-index=\"1\" >\t\t\t<div class=\"execphpwidget\"><table><tr><td valign='top'><p style='font-size: larger;'><b>die neusten Mitteilungen <\/b><\/p><\/td><\/tr><\/table><table><tr class = 'newstrcontainer'><td valign='top'><b><p style='font-size: small;'>22.03.  <\/p><\/b><\/td><td valign='top'><p style='font-size: smaller;'>Gesucht wird ein Teammanager\/in f\u00fcr die EC 1:5 in Lostallo <a href='\/?lk=0&nk=2024'><img src='\/wp-content\/scripts\/images\/more.jpg' width='25'><\/a><\/p><\/td><\/tr><tr class = 'newstrcontainer'><td valign='top'><b><p style='font-size: small;'>05.08.  <\/p><\/b><\/td><td valign='top'><p style='font-size: smaller;'>LSOR Euro 2023 in Sta?e?  CZ <a href='\/?lk=0&nk=2023'><img src='\/wp-content\/scripts\/images\/more.jpg' width='25'><\/a><\/p><\/td><\/tr><tr class = 'newstrcontainer'><td valign='top'><b><p style='font-size: small;'>08.05.  <\/p><\/b><\/td><td valign='top'><p style='font-size: smaller;'>OR6 in Buus BL <a href='\/?lk=0&nk=2021'><img src='\/wp-content\/scripts\/images\/more.jpg' width='25'><\/a><\/p><\/td><\/tr><tr class = 'newstrcontainer'><td valign='top'><b><p style='font-size: small;'>05.10.  <\/p><\/b><\/td><td valign='top'><p style='font-size: smaller;'>Deutsche Meisterschaft OR6 2022 <a href='\/?lk=0&nk=2020'><img src='\/wp-content\/scripts\/images\/more.jpg' width='25'><\/a><\/p><\/td><\/tr><tr class = 'newstrcontainer'><td valign='top'><b><p style='font-size: small;'>12.09.  <\/p><\/b><\/td><td valign='top'><p style='font-size: smaller;'>VLS OR Meisterschaftsresultate <a href='\/?lk=0&nk=2019'><img src='\/wp-content\/scripts\/images\/more.jpg' width='25'><\/a><\/p><\/td><\/tr><tr class = 'newstrcontainer'><td valign='top'><b><p style='font-size: small;'>26.07.  <\/p><\/b><\/td><td valign='top'><p style='font-size: smaller;'>European Championship Large Scale Off Road 2022 Fehring <a href='\/?lk=0&nk=2018'><img src='\/wp-content\/scripts\/images\/more.jpg' width='25'><\/a><\/p><\/td><\/tr><tr class = 'newstrcontainer'><td valign='top'><b><p style='font-size: small;'>27.06.  <\/p><\/b><\/td><td valign='top'><p style='font-size: smaller;'>Euro 2022 in England  <a href='\/?lk=0&nk=2017'><img src='\/wp-content\/scripts\/images\/more.jpg' width='25'><\/a><\/p><\/td><\/tr><tr class = 'newstrcontainer'><td valign='top'><b><p style='font-size: small;'>31.05.  <\/p><\/b><\/td><td valign='top'><p style='font-size: smaller;'>E10OR Dielsdorf Dirt Classics 2022 <a href='\/?lk=0&nk=2015'><img src='\/wp-content\/scripts\/images\/more.jpg' width='25'><\/a><\/p><\/td><\/tr><tr class = 'newstrcontainer'><td valign='top'><b><p style='font-size: small;'>13.05.  <\/p><\/b><\/td><td valign='top'><p style='font-size: smaller;'>VLS OR Rennen 1:6 Resultate <a href='\/?lk=0&nk=2014'><img src='\/wp-content\/scripts\/images\/more.jpg' width='25'><\/a><\/p><\/td><\/tr><tr class = 'newstrcontainer'><td valign='top'><b><p style='font-size: small;'>04.04.  <\/p><\/b><\/td><td valign='top'><p style='font-size: smaller;'>VLS OR Rennen auf MyRCM aufgeschalten <a href='\/?lk=0&nk=2013'><img src='\/wp-content\/scripts\/images\/more.jpg' width='25'><\/a><\/p><\/td><\/tr><\/table><\/div>\n\t\t<\/div><\/div><\/div><\/div>","protected":false},"excerpt":{"rendered":"","protected":false},"author":1,"featured_media":0,"parent":0,"menu_order":3,"comment_status":"closed","ping_status":"closed","template":"full-width.php","meta":{"footnotes":""},"class_list":["post-21","page","type-page","status-publish","hentry"],"translation":{"provider":"WPGlobus","version":"3.0.0","language":"fr","enabled_languages":["de","fr","it","en"],"languages":{"de":{"title":true,"content":true,"excerpt":false},"fr":{"title":true,"content":false,"excerpt":false},"it":{"title":true,"content":false,"excerpt":false},"en":{"title":true,"content":false,"excerpt":false}}},"_links":{"self":[{"href":"https:\/\/www.srcca.ch\/fr\/wp-json\/wp\/v2\/pages\/21","targetHints":{"allow":["GET"]}}],"collection":[{"href":"https:\/\/www.srcca.ch\/fr\/wp-json\/wp\/v2\/pages"}],"about":[{"href":"https:\/\/www.srcca.ch\/fr\/wp-json\/wp\/v2\/types\/page"}],"author":[{"embeddable":true,"href":"https:\/\/www.srcca.ch\/fr\/wp-json\/wp\/v2\/users\/1"}],"replies":[{"embeddable":true,"href":"https:\/\/www.srcca.ch\/fr\/wp-json\/wp\/v2\/comments?post=21"}],"version-history":[{"count":0,"href":"https:\/\/www.srcca.ch\/fr\/wp-json\/wp\/v2\/pages\/21\/revisions"}],"wp:attachment":[{"href":"https:\/\/www.srcca.ch\/fr\/wp-json\/wp\/v2\/media?parent=21"}],"curies":[{"name":"wp","href":"https:\/\/api.w.org\/{rel}","templated":true}]}}